{"id":1347,"date":"2019-04-09T01:10:38","date_gmt":"2019-04-09T04:10:38","guid":{"rendered":"http:\/\/anawawelberg.com.br\/?page_id=1347"},"modified":"2019-09-03T00:53:10","modified_gmt":"2019-09-03T03:53:10","slug":"sobre-a-loja-ana-luiza-wawelberg","status":"publish","type":"page","link":"http:\/\/anawawelberg.com.br\/?page_id=1347","title":{"rendered":"Sobre a Loja &#8211; Ana Luiza Wawelberg"},"content":{"rendered":"<div class=\"wpb-content-wrapper\"><p>[vc_row full_width=&#8221;stretch_row&#8221; gap=&#8221;30&#8243; full_height=&#8221;yes&#8221; equal_height=&#8221;yes&#8221;][vc_column width=&#8221;1\/2&#8243;][vc_single_image image=&#8221;1349&#8243; img_size=&#8221;full&#8221; alignment=&#8221;center&#8221;][\/vc_column][vc_column width=&#8221;1\/2&#8243;][vc_column_text]<\/p>\n<h2 style=\"text-align: center;\">Sobre a Loja Ana Luiza Wawelberg<\/h2>\n<p>&nbsp;<\/p>\n<p style=\"text-align: center;\">H\u00e1 20 anos no mercado de decora\u00e7\u00e3o, localizada no epicentro da decor paulistana, a loja Ana Luiza Wawelberg \u00e9 reconhecida pela eleg\u00e2ncia e exclusividade de suas pe\u00e7as, sin\u00f4nimo de bom gosto e qualidade.<\/p>\n<p style=\"text-align: center;\">Especializada em oferecer pe\u00e7as \u00fanicas, garimpadas pelo olhar cl\u00ednico da arquiteta e decoradora Ana Luiza Wawelberg, sua propriet\u00e1ria e curadora, a marca hom\u00f4nima, \u00e9 reconhecida no Brasil a fora pela qualidade, eleg\u00e2ncia e discri\u00e7\u00e3o, contando sempre com um acervo \u00fanico de pe\u00e7as trazidas do exterior ou garimpadas localmente.<\/p>\n<p style=\"text-align: center;\">O mix da loja abrange do cl\u00e1ssico ao moderno, oferecendo desde m\u00f3veis, almofadas e abatjoures at\u00e9 os mais diversos objetos de decora\u00e7\u00e3o.<\/p>\n<p style=\"text-align: center;\">Recentemente, Ana Luiza juntou ao seu mix tradicional pe\u00e7as da sua antiga loja Ana Luiza Wawelberg Praia &amp; Campo com itens para decora\u00e7\u00e3o da sua casa de praia ou campo, com pe\u00e7as mais casuais e despojadas aliadas ao cl\u00e1ssico Ana Luiza Wawelberg.<\/p>\n<p style=\"text-align: center;\">Sendo refer\u00eancia no mercado de decora\u00e7\u00e3o, Ana Luiza al\u00e9m de sempre estar garimpando, tamb\u00e9m cria e desenha muitas de suas pe\u00e7as em seu atelier, usando seu know-how e sua experi\u00eancia adquirida no exterior &#8211; onde morou e trabalhou na famosa casa de leil\u00f5es Sotheby\u00b4s \u2013 para montar pe\u00e7as ainda mais diferenciadas e exclusivas de seu acervo, seguindo a simbiose entre o cl\u00e1ssico e o moderno.<\/p>\n<p style=\"text-align: center;\">O olhar minucioso de sua criadora une o conceito de eleg\u00e2ncia discreta em todos ambientes curados especialmente pela dona, tudo cuidado com afinco sob seu olhar antenado e constante, desde a cria\u00e7\u00e3o at\u00e9 a venda.<\/p>\n<p>\u00a0[\/vc_column_text][\/vc_column][\/vc_row]<\/p>\n<\/div>","protected":false},"excerpt":{"rendered":"<p>[vc_row full_width=&#8221;stretch_row&#8221; gap=&#8221;30&#8243; full_height=&#8221;yes&#8221; equal_height=&#8221;yes&#8221;][vc_column width=&#8221;1\/2&#8243;][vc_single_image image=&#8221;1349&#8243; img_size=&#8221;full&#8221; alignment=&#8221;center&#8221;][\/vc_column][vc_column width=&#8221;1\/2&#8243;][vc_column_text] Sobre a Loja Ana Luiza Wawelberg  H\u00e1 20 anos no mercado de decora\u00e7\u00e3o, localizada no epicentro da decor paulistana, a loja Ana Luiza Wawelberg \u00e9 reconhecida pela eleg\u00e2ncia e exclusividade de suas pe\u00e7as, sin\u00f4nimo de bom gosto e qualidade. Especializada em oferecer pe\u00e7as \u00fanicas, garimpadas pelo olhar cl\u00ednico da [&hellip;]<\/p>\n","protected":false},"author":1,"featured_media":0,"parent":0,"menu_order":0,"comment_status":"closed","ping_status":"closed","template":"","meta":{"_joinchat":[],"footnotes":""},"class_list":["post-1347","page","type-page","status-publish","hentry","no-featured"],"yoast_head":"<!-- This site is optimized with the Yoast SEO plugin v24.8.1 - https:\/\/yoast.com\/wordpress\/plugins\/seo\/ -->\n<title>Sobre a Loja - Ana Luiza Wawelberg - Ana Luiza Wawelberg<\/title>\n<meta name=\"robots\" content=\"index, follow, max-snippet:-1, max-image-preview:large, max-video-preview:-1\" \/>\n<link rel=\"canonical\" href=\"https:\/\/anawawelberg.com.br\/?page_id=1347\" \/>\n<meta property=\"og:locale\" content=\"pt_BR\" \/>\n<meta property=\"og:type\" content=\"article\" \/>\n<meta property=\"og:title\" content=\"Sobre a Loja - Ana Luiza Wawelberg - Ana Luiza Wawelberg\" \/>\n<meta property=\"og:description\" content=\"[vc_row full_width=&#8221;stretch_row&#8221; gap=&#8221;30&#8243; full_height=&#8221;yes&#8221; equal_height=&#8221;yes&#8221;][vc_column width=&#8221;1\/2&#8243;][vc_single_image image=&#8221;1349&#8243; img_size=&#8221;full&#8221; alignment=&#8221;center&#8221;][\/vc_column][vc_column width=&#8221;1\/2&#8243;][vc_column_text] Sobre a Loja Ana Luiza Wawelberg &nbsp; H\u00e1 20 anos no mercado de decora\u00e7\u00e3o, localizada no epicentro da decor paulistana, a loja Ana Luiza Wawelberg \u00e9 reconhecida pela eleg\u00e2ncia e exclusividade de suas pe\u00e7as, sin\u00f4nimo de bom gosto e qualidade. Especializada em oferecer pe\u00e7as \u00fanicas, garimpadas pelo olhar cl\u00ednico da [&hellip;]\" \/>\n<meta property=\"og:url\" content=\"https:\/\/anawawelberg.com.br\/?page_id=1347\" \/>\n<meta property=\"og:site_name\" content=\"Ana Luiza Wawelberg\" \/>\n<meta property=\"article:publisher\" content=\"https:\/\/www.facebook.com\/lojaanaluizawawelberg\/\" \/>\n<meta property=\"article:modified_time\" content=\"2019-09-03T03:53:10+00:00\" \/>\n<meta name=\"twitter:card\" content=\"summary_large_image\" \/>\n<meta name=\"twitter:label1\" content=\"Est. tempo de leitura\" \/>\n\t<meta name=\"twitter:data1\" content=\"2 minutos\" \/>\n<script type=\"application\/ld+json\" class=\"yoast-schema-graph\">{\"@context\":\"https:\/\/schema.org\",\"@graph\":[{\"@type\":\"WebPage\",\"@id\":\"https:\/\/anawawelberg.com.br\/?page_id=1347\",\"url\":\"https:\/\/anawawelberg.com.br\/?page_id=1347\",\"name\":\"Sobre a Loja - Ana Luiza Wawelberg - Ana Luiza Wawelberg\",\"isPartOf\":{\"@id\":\"http:\/\/anawawelberg.com.br\/#website\"},\"datePublished\":\"2019-04-09T04:10:38+00:00\",\"dateModified\":\"2019-09-03T03:53:10+00:00\",\"breadcrumb\":{\"@id\":\"https:\/\/anawawelberg.com.br\/?page_id=1347#breadcrumb\"},\"inLanguage\":\"pt-BR\",\"potentialAction\":[{\"@type\":\"ReadAction\",\"target\":[\"https:\/\/anawawelberg.com.br\/?page_id=1347\"]}]},{\"@type\":\"BreadcrumbList\",\"@id\":\"https:\/\/anawawelberg.com.br\/?page_id=1347#breadcrumb\",\"itemListElement\":[{\"@type\":\"ListItem\",\"position\":1,\"name\":\"In\u00edcio\",\"item\":\"http:\/\/anawawelberg.com.br\/\"},{\"@type\":\"ListItem\",\"position\":2,\"name\":\"Sobre a Loja &#8211; Ana Luiza Wawelberg\"}]},{\"@type\":\"WebSite\",\"@id\":\"http:\/\/anawawelberg.com.br\/#website\",\"url\":\"http:\/\/anawawelberg.com.br\/\",\"name\":\"Ana Wawelberg\",\"description\":\"Produtos do Moderno ao Cl\u00e1ssico para Decorar a Sua Casa com muita Eleg\u00e2ncia e Originalidade \u2013 Almofada, Abajur, Cristal de Murano, M\u00f3vel, Lumin\u00e1ria, Tapete, Lustres e muito mais. Loja Decora\u00e7\u00e3o Alameda Gabriel Monteiro da Silva, S\u00e3o Paulo - SP\",\"publisher\":{\"@id\":\"http:\/\/anawawelberg.com.br\/#organization\"},\"potentialAction\":[{\"@type\":\"SearchAction\",\"target\":{\"@type\":\"EntryPoint\",\"urlTemplate\":\"http:\/\/anawawelberg.com.br\/?s={search_term_string}\"},\"query-input\":{\"@type\":\"PropertyValueSpecification\",\"valueRequired\":true,\"valueName\":\"search_term_string\"}}],\"inLanguage\":\"pt-BR\"},{\"@type\":\"Organization\",\"@id\":\"http:\/\/anawawelberg.com.br\/#organization\",\"name\":\"Ana Luiza Wawelberg\",\"url\":\"http:\/\/anawawelberg.com.br\/\",\"logo\":{\"@type\":\"ImageObject\",\"inLanguage\":\"pt-BR\",\"@id\":\"http:\/\/anawawelberg.com.br\/#\/schema\/logo\/image\/\",\"url\":\"http:\/\/anawawelberg.com.br\/wp-content\/uploads\/2020\/06\/Ana_Wawelberg_Logotipo-1.png\",\"contentUrl\":\"http:\/\/anawawelberg.com.br\/wp-content\/uploads\/2020\/06\/Ana_Wawelberg_Logotipo-1.png\",\"width\":248,\"height\":130,\"caption\":\"Ana Luiza Wawelberg\"},\"image\":{\"@id\":\"http:\/\/anawawelberg.com.br\/#\/schema\/logo\/image\/\"},\"sameAs\":[\"https:\/\/www.facebook.com\/lojaanaluizawawelberg\/\",\"https:\/\/www.instagram.com\/analuizawawelberg\/\"]}]}<\/script>\n<!-- \/ Yoast SEO plugin. -->","yoast_head_json":{"title":"Sobre a Loja - Ana Luiza Wawelberg - Ana Luiza Wawelberg","robots":{"index":"index","follow":"follow","max-snippet":"max-snippet:-1","max-image-preview":"max-image-preview:large","max-video-preview":"max-video-preview:-1"},"canonical":"https:\/\/anawawelberg.com.br\/?page_id=1347","og_locale":"pt_BR","og_type":"article","og_title":"Sobre a Loja - Ana Luiza Wawelberg - Ana Luiza Wawelberg","og_description":"[vc_row full_width=&#8221;stretch_row&#8221; gap=&#8221;30&#8243; full_height=&#8221;yes&#8221; equal_height=&#8221;yes&#8221;][vc_column width=&#8221;1\/2&#8243;][vc_single_image image=&#8221;1349&#8243; img_size=&#8221;full&#8221; alignment=&#8221;center&#8221;][\/vc_column][vc_column width=&#8221;1\/2&#8243;][vc_column_text] Sobre a Loja Ana Luiza Wawelberg &nbsp; H\u00e1 20 anos no mercado de decora\u00e7\u00e3o, localizada no epicentro da decor paulistana, a loja Ana Luiza Wawelberg \u00e9 reconhecida pela eleg\u00e2ncia e exclusividade de suas pe\u00e7as, sin\u00f4nimo de bom gosto e qualidade. Especializada em oferecer pe\u00e7as \u00fanicas, garimpadas pelo olhar cl\u00ednico da [&hellip;]","og_url":"https:\/\/anawawelberg.com.br\/?page_id=1347","og_site_name":"Ana Luiza Wawelberg","article_publisher":"https:\/\/www.facebook.com\/lojaanaluizawawelberg\/","article_modified_time":"2019-09-03T03:53:10+00:00","twitter_card":"summary_large_image","twitter_misc":{"Est. tempo de leitura":"2 minutos"},"schema":{"@context":"https:\/\/schema.org","@graph":[{"@type":"WebPage","@id":"https:\/\/anawawelberg.com.br\/?page_id=1347","url":"https:\/\/anawawelberg.com.br\/?page_id=1347","name":"Sobre a Loja - Ana Luiza Wawelberg - Ana Luiza Wawelberg","isPartOf":{"@id":"http:\/\/anawawelberg.com.br\/#website"},"datePublished":"2019-04-09T04:10:38+00:00","dateModified":"2019-09-03T03:53:10+00:00","breadcrumb":{"@id":"https:\/\/anawawelberg.com.br\/?page_id=1347#breadcrumb"},"inLanguage":"pt-BR","potentialAction":[{"@type":"ReadAction","target":["https:\/\/anawawelberg.com.br\/?page_id=1347"]}]},{"@type":"BreadcrumbList","@id":"https:\/\/anawawelberg.com.br\/?page_id=1347#breadcrumb","itemListElement":[{"@type":"ListItem","position":1,"name":"In\u00edcio","item":"http:\/\/anawawelberg.com.br\/"},{"@type":"ListItem","position":2,"name":"Sobre a Loja &#8211; Ana Luiza Wawelberg"}]},{"@type":"WebSite","@id":"http:\/\/anawawelberg.com.br\/#website","url":"http:\/\/anawawelberg.com.br\/","name":"Ana Wawelberg","description":"Produtos do Moderno ao Cl\u00e1ssico para Decorar a Sua Casa com muita Eleg\u00e2ncia e Originalidade \u2013 Almofada, Abajur, Cristal de Murano, M\u00f3vel, Lumin\u00e1ria, Tapete, Lustres e muito mais. Loja Decora\u00e7\u00e3o Alameda Gabriel Monteiro da Silva, S\u00e3o Paulo - SP","publisher":{"@id":"http:\/\/anawawelberg.com.br\/#organization"},"potentialAction":[{"@type":"SearchAction","target":{"@type":"EntryPoint","urlTemplate":"http:\/\/anawawelberg.com.br\/?s={search_term_string}"},"query-input":{"@type":"PropertyValueSpecification","valueRequired":true,"valueName":"search_term_string"}}],"inLanguage":"pt-BR"},{"@type":"Organization","@id":"http:\/\/anawawelberg.com.br\/#organization","name":"Ana Luiza Wawelberg","url":"http:\/\/anawawelberg.com.br\/","logo":{"@type":"ImageObject","inLanguage":"pt-BR","@id":"http:\/\/anawawelberg.com.br\/#\/schema\/logo\/image\/","url":"http:\/\/anawawelberg.com.br\/wp-content\/uploads\/2020\/06\/Ana_Wawelberg_Logotipo-1.png","contentUrl":"http:\/\/anawawelberg.com.br\/wp-content\/uploads\/2020\/06\/Ana_Wawelberg_Logotipo-1.png","width":248,"height":130,"caption":"Ana Luiza Wawelberg"},"image":{"@id":"http:\/\/anawawelberg.com.br\/#\/schema\/logo\/image\/"},"sameAs":["https:\/\/www.facebook.com\/lojaanaluizawawelberg\/","https:\/\/www.instagram.com\/analuizawawelberg\/"]}]}},"_links":{"self":[{"href":"http:\/\/anawawelberg.com.br\/index.php?rest_route=\/wp\/v2\/pages\/1347","targetHints":{"allow":["GET"]}}],"collection":[{"href":"http:\/\/anawawelberg.com.br\/index.php?rest_route=\/wp\/v2\/pages"}],"about":[{"href":"http:\/\/anawawelberg.com.br\/index.php?rest_route=\/wp\/v2\/types\/page"}],"author":[{"embeddable":true,"href":"http:\/\/anawawelberg.com.br\/index.php?rest_route=\/wp\/v2\/users\/1"}],"replies":[{"embeddable":true,"href":"http:\/\/anawawelberg.com.br\/index.php?rest_route=%2Fwp%2Fv2%2Fcomments&post=1347"}],"version-history":[{"count":0,"href":"http:\/\/anawawelberg.com.br\/index.php?rest_route=\/wp\/v2\/pages\/1347\/revisions"}],"wp:attachment":[{"href":"http:\/\/anawawelberg.com.br\/index.php?rest_route=%2Fwp%2Fv2%2Fmedia&parent=1347"}],"curies":[{"name":"wp","href":"https:\/\/api.w.org\/{rel}","templated":true}]}}