{"id":2535,"date":"2019-09-01T00:44:37","date_gmt":"2019-09-01T03:44:37","guid":{"rendered":"http:\/\/anawawelberg.com.br\/?post_type=product&#038;p=2535"},"modified":"2022-03-03T15:22:51","modified_gmt":"2022-03-03T18:22:51","slug":"bowl-folha-jacaranda-decada-60","status":"publish","type":"product","link":"http:\/\/anawawelberg.com.br\/?product=bowl-folha-jacaranda-decada-60","title":{"rendered":"Bowl Folha Jacaranda D\u00e9cada 60"},"content":{"rendered":"<p>Bowl Folha Jacaranda D\u00e9cada 60<\/p>\n","protected":false},"excerpt":{"rendered":"<p>Bowl Folha Jacaranda D\u00e9cada 60<\/p>\n","protected":false},"featured_media":4046,"template":"","meta":{"_joinchat":[]},"product_brand":[],"product_cat":[38],"product_tag":[85],"class_list":{"0":"post-2535","1":"product","2":"type-product","3":"status-publish","4":"has-post-thumbnail","6":"product_cat-obejto_decoracao","7":"product_tag-bowl-folha-jacaranda-decada-60","8":"has-featured","10":"first","11":"outofstock","12":"featured","13":"taxable","14":"shipping-taxable","15":"purchasable","16":"product-type-simple"},"yoast_head":"<!-- This site is optimized with the Yoast SEO plugin v24.8.1 - https:\/\/yoast.com\/wordpress\/plugins\/seo\/ -->\n<title>Bowl Folha Jacaranda D\u00e9cada 60 - Ana Luiza Wawelberg<\/title>\n<meta name=\"robots\" content=\"index, follow, max-snippet:-1, max-image-preview:large, max-video-preview:-1\" \/>\n<link rel=\"canonical\" href=\"http:\/\/anawawelberg.com.br\/?product=bowl-folha-jacaranda-decada-60\" \/>\n<meta property=\"og:locale\" content=\"pt_BR\" \/>\n<meta property=\"og:type\" content=\"article\" \/>\n<meta property=\"og:title\" content=\"Bowl Folha Jacaranda D\u00e9cada 60 - Ana Luiza Wawelberg\" \/>\n<meta property=\"og:description\" content=\"Bowl Folha Jacaranda D\u00e9cada 60\" \/>\n<meta property=\"og:url\" content=\"http:\/\/anawawelberg.com.br\/?product=bowl-folha-jacaranda-decada-60\" \/>\n<meta property=\"og:site_name\" content=\"Ana Luiza Wawelberg\" \/>\n<meta property=\"article:publisher\" content=\"https:\/\/www.facebook.com\/lojaanaluizawawelberg\/\" \/>\n<meta property=\"article:modified_time\" content=\"2022-03-03T18:22:51+00:00\" \/>\n<meta property=\"og:image\" content=\"http:\/\/anawawelberg.com.br\/wp-content\/uploads\/2019\/09\/Bowl_Folha_Jacaranda_D\u00e9cada_60_014x02x002_Ana_Luiza_Wawelberg_OD17207_5.jpg\" \/>\n\t<meta property=\"og:image:width\" content=\"1000\" \/>\n\t<meta property=\"og:image:height\" content=\"1000\" \/>\n\t<meta property=\"og:image:type\" content=\"image\/jpeg\" \/>\n<meta name=\"twitter:card\" content=\"summary_large_image\" \/>\n<script type=\"application\/ld+json\" class=\"yoast-schema-graph\">{\"@context\":\"https:\/\/schema.org\",\"@graph\":[{\"@type\":\"WebPage\",\"@id\":\"http:\/\/anawawelberg.com.br\/?product=bowl-folha-jacaranda-decada-60\",\"url\":\"http:\/\/anawawelberg.com.br\/?product=bowl-folha-jacaranda-decada-60\",\"name\":\"Bowl Folha Jacaranda D\u00e9cada 60 - Ana Luiza Wawelberg\",\"isPartOf\":{\"@id\":\"https:\/\/anawawelberg.com.br\/#website\"},\"primaryImageOfPage\":{\"@id\":\"http:\/\/anawawelberg.com.br\/?product=bowl-folha-jacaranda-decada-60#primaryimage\"},\"image\":{\"@id\":\"http:\/\/anawawelberg.com.br\/?product=bowl-folha-jacaranda-decada-60#primaryimage\"},\"thumbnailUrl\":\"http:\/\/anawawelberg.com.br\/wp-content\/uploads\/2019\/09\/Bowl_Folha_Jacaranda_D\u00e9cada_60_014x02x002_Ana_Luiza_Wawelberg_OD17207_5.jpg\",\"datePublished\":\"2019-09-01T03:44:37+00:00\",\"dateModified\":\"2022-03-03T18:22:51+00:00\",\"breadcrumb\":{\"@id\":\"http:\/\/anawawelberg.com.br\/?product=bowl-folha-jacaranda-decada-60#breadcrumb\"},\"inLanguage\":\"pt-BR\",\"potentialAction\":[{\"@type\":\"ReadAction\",\"target\":[\"http:\/\/anawawelberg.com.br\/?product=bowl-folha-jacaranda-decada-60\"]}]},{\"@type\":\"ImageObject\",\"inLanguage\":\"pt-BR\",\"@id\":\"http:\/\/anawawelberg.com.br\/?product=bowl-folha-jacaranda-decada-60#primaryimage\",\"url\":\"http:\/\/anawawelberg.com.br\/wp-content\/uploads\/2019\/09\/Bowl_Folha_Jacaranda_D\u00e9cada_60_014x02x002_Ana_Luiza_Wawelberg_OD17207_5.jpg\",\"contentUrl\":\"http:\/\/anawawelberg.com.br\/wp-content\/uploads\/2019\/09\/Bowl_Folha_Jacaranda_D\u00e9cada_60_014x02x002_Ana_Luiza_Wawelberg_OD17207_5.jpg\",\"width\":1000,\"height\":1000},{\"@type\":\"BreadcrumbList\",\"@id\":\"http:\/\/anawawelberg.com.br\/?product=bowl-folha-jacaranda-decada-60#breadcrumb\",\"itemListElement\":[{\"@type\":\"ListItem\",\"position\":1,\"name\":\"In\u00edcio\",\"item\":\"https:\/\/anawawelberg.com.br\/\"},{\"@type\":\"ListItem\",\"position\":2,\"name\":\"Loja\",\"item\":\"https:\/\/anawawelberg.com.br\/?page_id=5\"},{\"@type\":\"ListItem\",\"position\":3,\"name\":\"Bowl Folha Jacaranda D\u00e9cada 60\"}]},{\"@type\":\"WebSite\",\"@id\":\"https:\/\/anawawelberg.com.br\/#website\",\"url\":\"https:\/\/anawawelberg.com.br\/\",\"name\":\"Ana Wawelberg\",\"description\":\"Produtos do Moderno ao Cl\u00e1ssico para Decorar a Sua Casa com muita Eleg\u00e2ncia e Originalidade \u2013 Almofada, Abajur, Cristal de Murano, M\u00f3vel, Lumin\u00e1ria, Tapete, Lustres e muito mais. Loja Decora\u00e7\u00e3o Alameda Gabriel Monteiro da Silva, S\u00e3o Paulo - SP\",\"publisher\":{\"@id\":\"https:\/\/anawawelberg.com.br\/#organization\"},\"potentialAction\":[{\"@type\":\"SearchAction\",\"target\":{\"@type\":\"EntryPoint\",\"urlTemplate\":\"https:\/\/anawawelberg.com.br\/?s={search_term_string}\"},\"query-input\":{\"@type\":\"PropertyValueSpecification\",\"valueRequired\":true,\"valueName\":\"search_term_string\"}}],\"inLanguage\":\"pt-BR\"},{\"@type\":\"Organization\",\"@id\":\"https:\/\/anawawelberg.com.br\/#organization\",\"name\":\"Ana Luiza Wawelberg\",\"url\":\"https:\/\/anawawelberg.com.br\/\",\"logo\":{\"@type\":\"ImageObject\",\"inLanguage\":\"pt-BR\",\"@id\":\"https:\/\/anawawelberg.com.br\/#\/schema\/logo\/image\/\",\"url\":\"http:\/\/anawawelberg.com.br\/wp-content\/uploads\/2020\/06\/Ana_Wawelberg_Logotipo-1.png\",\"contentUrl\":\"http:\/\/anawawelberg.com.br\/wp-content\/uploads\/2020\/06\/Ana_Wawelberg_Logotipo-1.png\",\"width\":248,\"height\":130,\"caption\":\"Ana Luiza Wawelberg\"},\"image\":{\"@id\":\"https:\/\/anawawelberg.com.br\/#\/schema\/logo\/image\/\"},\"sameAs\":[\"https:\/\/www.facebook.com\/lojaanaluizawawelberg\/\",\"https:\/\/www.instagram.com\/analuizawawelberg\/\"]}]}<\/script>\n<!-- \/ Yoast SEO plugin. -->","yoast_head_json":{"title":"Bowl Folha Jacaranda D\u00e9cada 60 - Ana Luiza Wawelberg","robots":{"index":"index","follow":"follow","max-snippet":"max-snippet:-1","max-image-preview":"max-image-preview:large","max-video-preview":"max-video-preview:-1"},"canonical":"http:\/\/anawawelberg.com.br\/?product=bowl-folha-jacaranda-decada-60","og_locale":"pt_BR","og_type":"article","og_title":"Bowl Folha Jacaranda D\u00e9cada 60 - Ana Luiza Wawelberg","og_description":"Bowl Folha Jacaranda D\u00e9cada 60","og_url":"http:\/\/anawawelberg.com.br\/?product=bowl-folha-jacaranda-decada-60","og_site_name":"Ana Luiza Wawelberg","article_publisher":"https:\/\/www.facebook.com\/lojaanaluizawawelberg\/","article_modified_time":"2022-03-03T18:22:51+00:00","og_image":[{"width":1000,"height":1000,"url":"http:\/\/anawawelberg.com.br\/wp-content\/uploads\/2019\/09\/Bowl_Folha_Jacaranda_D\u00e9cada_60_014x02x002_Ana_Luiza_Wawelberg_OD17207_5.jpg","type":"image\/jpeg"}],"twitter_card":"summary_large_image","schema":{"@context":"https:\/\/schema.org","@graph":[{"@type":"WebPage","@id":"http:\/\/anawawelberg.com.br\/?product=bowl-folha-jacaranda-decada-60","url":"http:\/\/anawawelberg.com.br\/?product=bowl-folha-jacaranda-decada-60","name":"Bowl Folha Jacaranda D\u00e9cada 60 - Ana Luiza Wawelberg","isPartOf":{"@id":"https:\/\/anawawelberg.com.br\/#website"},"primaryImageOfPage":{"@id":"http:\/\/anawawelberg.com.br\/?product=bowl-folha-jacaranda-decada-60#primaryimage"},"image":{"@id":"http:\/\/anawawelberg.com.br\/?product=bowl-folha-jacaranda-decada-60#primaryimage"},"thumbnailUrl":"http:\/\/anawawelberg.com.br\/wp-content\/uploads\/2019\/09\/Bowl_Folha_Jacaranda_D\u00e9cada_60_014x02x002_Ana_Luiza_Wawelberg_OD17207_5.jpg","datePublished":"2019-09-01T03:44:37+00:00","dateModified":"2022-03-03T18:22:51+00:00","breadcrumb":{"@id":"http:\/\/anawawelberg.com.br\/?product=bowl-folha-jacaranda-decada-60#breadcrumb"},"inLanguage":"pt-BR","potentialAction":[{"@type":"ReadAction","target":["http:\/\/anawawelberg.com.br\/?product=bowl-folha-jacaranda-decada-60"]}]},{"@type":"ImageObject","inLanguage":"pt-BR","@id":"http:\/\/anawawelberg.com.br\/?product=bowl-folha-jacaranda-decada-60#primaryimage","url":"http:\/\/anawawelberg.com.br\/wp-content\/uploads\/2019\/09\/Bowl_Folha_Jacaranda_D\u00e9cada_60_014x02x002_Ana_Luiza_Wawelberg_OD17207_5.jpg","contentUrl":"http:\/\/anawawelberg.com.br\/wp-content\/uploads\/2019\/09\/Bowl_Folha_Jacaranda_D\u00e9cada_60_014x02x002_Ana_Luiza_Wawelberg_OD17207_5.jpg","width":1000,"height":1000},{"@type":"BreadcrumbList","@id":"http:\/\/anawawelberg.com.br\/?product=bowl-folha-jacaranda-decada-60#breadcrumb","itemListElement":[{"@type":"ListItem","position":1,"name":"In\u00edcio","item":"https:\/\/anawawelberg.com.br\/"},{"@type":"ListItem","position":2,"name":"Loja","item":"https:\/\/anawawelberg.com.br\/?page_id=5"},{"@type":"ListItem","position":3,"name":"Bowl Folha Jacaranda D\u00e9cada 60"}]},{"@type":"WebSite","@id":"https:\/\/anawawelberg.com.br\/#website","url":"https:\/\/anawawelberg.com.br\/","name":"Ana Wawelberg","description":"Produtos do Moderno ao Cl\u00e1ssico para Decorar a Sua Casa com muita Eleg\u00e2ncia e Originalidade \u2013 Almofada, Abajur, Cristal de Murano, M\u00f3vel, Lumin\u00e1ria, Tapete, Lustres e muito mais. Loja Decora\u00e7\u00e3o Alameda Gabriel Monteiro da Silva, S\u00e3o Paulo - SP","publisher":{"@id":"https:\/\/anawawelberg.com.br\/#organization"},"potentialAction":[{"@type":"SearchAction","target":{"@type":"EntryPoint","urlTemplate":"https:\/\/anawawelberg.com.br\/?s={search_term_string}"},"query-input":{"@type":"PropertyValueSpecification","valueRequired":true,"valueName":"search_term_string"}}],"inLanguage":"pt-BR"},{"@type":"Organization","@id":"https:\/\/anawawelberg.com.br\/#organization","name":"Ana Luiza Wawelberg","url":"https:\/\/anawawelberg.com.br\/","logo":{"@type":"ImageObject","inLanguage":"pt-BR","@id":"https:\/\/anawawelberg.com.br\/#\/schema\/logo\/image\/","url":"http:\/\/anawawelberg.com.br\/wp-content\/uploads\/2020\/06\/Ana_Wawelberg_Logotipo-1.png","contentUrl":"http:\/\/anawawelberg.com.br\/wp-content\/uploads\/2020\/06\/Ana_Wawelberg_Logotipo-1.png","width":248,"height":130,"caption":"Ana Luiza Wawelberg"},"image":{"@id":"https:\/\/anawawelberg.com.br\/#\/schema\/logo\/image\/"},"sameAs":["https:\/\/www.facebook.com\/lojaanaluizawawelberg\/","https:\/\/www.instagram.com\/analuizawawelberg\/"]}]}},"_links":{"self":[{"href":"http:\/\/anawawelberg.com.br\/index.php?rest_route=\/wp\/v2\/product\/2535","targetHints":{"allow":["GET"]}}],"collection":[{"href":"http:\/\/anawawelberg.com.br\/index.php?rest_route=\/wp\/v2\/product"}],"about":[{"href":"http:\/\/anawawelberg.com.br\/index.php?rest_route=\/wp\/v2\/types\/product"}],"wp:featuredmedia":[{"embeddable":true,"href":"http:\/\/anawawelberg.com.br\/index.php?rest_route=\/wp\/v2\/media\/4046"}],"wp:attachment":[{"href":"http:\/\/anawawelberg.com.br\/index.php?rest_route=%2Fwp%2Fv2%2Fmedia&parent=2535"}],"wp:term":[{"taxonomy":"product_brand","embeddable":true,"href":"http:\/\/anawawelberg.com.br\/index.php?rest_route=%2Fwp%2Fv2%2Fproduct_brand&post=2535"},{"taxonomy":"product_cat","embeddable":true,"href":"http:\/\/anawawelberg.com.br\/index.php?rest_route=%2Fwp%2Fv2%2Fproduct_cat&post=2535"},{"taxonomy":"product_tag","embeddable":true,"href":"http:\/\/anawawelberg.com.br\/index.php?rest_route=%2Fwp%2Fv2%2Fproduct_tag&post=2535"}],"curies":[{"name":"wp","href":"https:\/\/api.w.org\/{rel}","templated":true}]}}