{"id":7485,"date":"2020-10-22T01:00:55","date_gmt":"2020-10-22T04:00:55","guid":{"rendered":"http:\/\/anawawelberg.com.br\/produto\/tapete-soumak-10\/"},"modified":"2022-03-03T15:23:15","modified_gmt":"2022-03-03T18:23:15","slug":"tapete-soumak-10","status":"publish","type":"product","link":"http:\/\/anawawelberg.com.br\/?product=tapete-soumak-10","title":{"rendered":"Tapete Soumak Antigo &#8211; Feito \u00e0 M\u00e3o &#8211; 2,90m x 1,96m"},"content":{"rendered":"<p><strong>Tapete Soumak Antigo &#8211; Feito \u00e0 M\u00e3o<\/strong><\/p>\n<p>&nbsp;<\/p>\n<p>Comprimento: 2,90m<\/p>\n<p>Largura: 1,96m<\/p>\n","protected":false},"excerpt":{"rendered":"<p><strong>Tapete Soumak Antigo &#8211; Feito \u00e0 M\u00e3o<\/strong><\/p>\n<p><\/p>\n<p>Comprimento: 2,90m<\/p>\n<p>Largura: 1,96m<\/p>\n","protected":false},"featured_media":7568,"template":"","meta":{"_joinchat":[]},"product_brand":[],"product_cat":[177],"product_tag":[],"class_list":{"0":"post-7485","1":"product","2":"type-product","3":"status-publish","4":"has-post-thumbnail","6":"product_cat-tapetes-e-tapecarias","7":"has-featured","9":"first","10":"instock","11":"featured","12":"purchasable","13":"product-type-simple"},"yoast_head":"<!-- This site is optimized with the Yoast SEO plugin v24.8.1 - https:\/\/yoast.com\/wordpress\/plugins\/seo\/ -->\n<title>Tapete Soumak Antigo - Feito \u00e0 M\u00e3o - 2,90m x 1,96m - Ana Luiza Wawelberg<\/title>\n<meta name=\"description\" content=\"Tapete Soumak - Comprimento: 2,90m Largura: 1,96m\" \/>\n<meta name=\"robots\" content=\"index, follow, max-snippet:-1, max-image-preview:large, max-video-preview:-1\" \/>\n<link rel=\"canonical\" href=\"http:\/\/anawawelberg.com.br\/?product=tapete-soumak-10\" \/>\n<meta property=\"og:locale\" content=\"pt_BR\" \/>\n<meta property=\"og:type\" content=\"article\" \/>\n<meta property=\"og:title\" content=\"Tapete Soumak Antigo - Feito \u00e0 M\u00e3o - 2,90m x 1,96m - Ana Luiza Wawelberg\" \/>\n<meta property=\"og:description\" content=\"Tapete Soumak - Comprimento: 2,90m Largura: 1,96m\" \/>\n<meta property=\"og:url\" content=\"http:\/\/anawawelberg.com.br\/?product=tapete-soumak-10\" \/>\n<meta property=\"og:site_name\" content=\"Ana Luiza Wawelberg\" \/>\n<meta property=\"article:publisher\" content=\"https:\/\/www.facebook.com\/lojaanaluizawawelberg\/\" \/>\n<meta property=\"article:modified_time\" content=\"2022-03-03T18:23:15+00:00\" \/>\n<meta property=\"og:image\" content=\"http:\/\/anawawelberg.com.br\/wp-content\/uploads\/2020\/10\/Tapete_Soumak_290x196_Ana_Luiza_Wawelberg_TA01167.jpg\" \/>\n\t<meta property=\"og:image:width\" content=\"1200\" \/>\n\t<meta property=\"og:image:height\" content=\"1356\" \/>\n\t<meta property=\"og:image:type\" content=\"image\/jpeg\" \/>\n<meta name=\"twitter:card\" content=\"summary_large_image\" \/>\n<script type=\"application\/ld+json\" class=\"yoast-schema-graph\">{\"@context\":\"https:\/\/schema.org\",\"@graph\":[{\"@type\":\"WebPage\",\"@id\":\"http:\/\/anawawelberg.com.br\/?product=tapete-soumak-10\",\"url\":\"http:\/\/anawawelberg.com.br\/?product=tapete-soumak-10\",\"name\":\"Tapete Soumak Antigo - Feito \u00e0 M\u00e3o - 2,90m x 1,96m - Ana Luiza Wawelberg\",\"isPartOf\":{\"@id\":\"http:\/\/anawawelberg.com.br\/#website\"},\"primaryImageOfPage\":{\"@id\":\"http:\/\/anawawelberg.com.br\/?product=tapete-soumak-10#primaryimage\"},\"image\":{\"@id\":\"http:\/\/anawawelberg.com.br\/?product=tapete-soumak-10#primaryimage\"},\"thumbnailUrl\":\"http:\/\/anawawelberg.com.br\/wp-content\/uploads\/2020\/10\/Tapete_Soumak_290x196_Ana_Luiza_Wawelberg_TA01167.jpg\",\"datePublished\":\"2020-10-22T04:00:55+00:00\",\"dateModified\":\"2022-03-03T18:23:15+00:00\",\"description\":\"Tapete Soumak - Comprimento: 2,90m Largura: 1,96m\",\"breadcrumb\":{\"@id\":\"http:\/\/anawawelberg.com.br\/?product=tapete-soumak-10#breadcrumb\"},\"inLanguage\":\"pt-BR\",\"potentialAction\":[{\"@type\":\"ReadAction\",\"target\":[\"http:\/\/anawawelberg.com.br\/?product=tapete-soumak-10\"]}]},{\"@type\":\"ImageObject\",\"inLanguage\":\"pt-BR\",\"@id\":\"http:\/\/anawawelberg.com.br\/?product=tapete-soumak-10#primaryimage\",\"url\":\"http:\/\/anawawelberg.com.br\/wp-content\/uploads\/2020\/10\/Tapete_Soumak_290x196_Ana_Luiza_Wawelberg_TA01167.jpg\",\"contentUrl\":\"http:\/\/anawawelberg.com.br\/wp-content\/uploads\/2020\/10\/Tapete_Soumak_290x196_Ana_Luiza_Wawelberg_TA01167.jpg\",\"width\":1200,\"height\":1356},{\"@type\":\"BreadcrumbList\",\"@id\":\"http:\/\/anawawelberg.com.br\/?product=tapete-soumak-10#breadcrumb\",\"itemListElement\":[{\"@type\":\"ListItem\",\"position\":1,\"name\":\"In\u00edcio\",\"item\":\"http:\/\/anawawelberg.com.br\/\"},{\"@type\":\"ListItem\",\"position\":2,\"name\":\"Loja\",\"item\":\"http:\/\/anawawelberg.com.br\/?page_id=5\"},{\"@type\":\"ListItem\",\"position\":3,\"name\":\"Tapete Soumak Antigo &#8211; Feito \u00e0 M\u00e3o &#8211; 2,90m x 1,96m\"}]},{\"@type\":\"WebSite\",\"@id\":\"http:\/\/anawawelberg.com.br\/#website\",\"url\":\"http:\/\/anawawelberg.com.br\/\",\"name\":\"Ana Wawelberg\",\"description\":\"Produtos do Moderno ao Cl\u00e1ssico para Decorar a Sua Casa com muita Eleg\u00e2ncia e Originalidade \u2013 Almofada, Abajur, Cristal de Murano, M\u00f3vel, Lumin\u00e1ria, Tapete, Lustres e muito mais. Loja Decora\u00e7\u00e3o Alameda Gabriel Monteiro da Silva, S\u00e3o Paulo - SP\",\"publisher\":{\"@id\":\"http:\/\/anawawelberg.com.br\/#organization\"},\"potentialAction\":[{\"@type\":\"SearchAction\",\"target\":{\"@type\":\"EntryPoint\",\"urlTemplate\":\"http:\/\/anawawelberg.com.br\/?s={search_term_string}\"},\"query-input\":{\"@type\":\"PropertyValueSpecification\",\"valueRequired\":true,\"valueName\":\"search_term_string\"}}],\"inLanguage\":\"pt-BR\"},{\"@type\":\"Organization\",\"@id\":\"http:\/\/anawawelberg.com.br\/#organization\",\"name\":\"Ana Luiza Wawelberg\",\"url\":\"http:\/\/anawawelberg.com.br\/\",\"logo\":{\"@type\":\"ImageObject\",\"inLanguage\":\"pt-BR\",\"@id\":\"http:\/\/anawawelberg.com.br\/#\/schema\/logo\/image\/\",\"url\":\"http:\/\/anawawelberg.com.br\/wp-content\/uploads\/2020\/06\/Ana_Wawelberg_Logotipo-1.png\",\"contentUrl\":\"http:\/\/anawawelberg.com.br\/wp-content\/uploads\/2020\/06\/Ana_Wawelberg_Logotipo-1.png\",\"width\":248,\"height\":130,\"caption\":\"Ana Luiza Wawelberg\"},\"image\":{\"@id\":\"http:\/\/anawawelberg.com.br\/#\/schema\/logo\/image\/\"},\"sameAs\":[\"https:\/\/www.facebook.com\/lojaanaluizawawelberg\/\",\"https:\/\/www.instagram.com\/analuizawawelberg\/\"]}]}<\/script>\n<!-- \/ Yoast SEO plugin. -->","yoast_head_json":{"title":"Tapete Soumak Antigo - Feito \u00e0 M\u00e3o - 2,90m x 1,96m - Ana Luiza Wawelberg","description":"Tapete Soumak - Comprimento: 2,90m Largura: 1,96m","robots":{"index":"index","follow":"follow","max-snippet":"max-snippet:-1","max-image-preview":"max-image-preview:large","max-video-preview":"max-video-preview:-1"},"canonical":"http:\/\/anawawelberg.com.br\/?product=tapete-soumak-10","og_locale":"pt_BR","og_type":"article","og_title":"Tapete Soumak Antigo - Feito \u00e0 M\u00e3o - 2,90m x 1,96m - Ana Luiza Wawelberg","og_description":"Tapete Soumak - Comprimento: 2,90m Largura: 1,96m","og_url":"http:\/\/anawawelberg.com.br\/?product=tapete-soumak-10","og_site_name":"Ana Luiza Wawelberg","article_publisher":"https:\/\/www.facebook.com\/lojaanaluizawawelberg\/","article_modified_time":"2022-03-03T18:23:15+00:00","og_image":[{"width":1200,"height":1356,"url":"http:\/\/anawawelberg.com.br\/wp-content\/uploads\/2020\/10\/Tapete_Soumak_290x196_Ana_Luiza_Wawelberg_TA01167.jpg","type":"image\/jpeg"}],"twitter_card":"summary_large_image","schema":{"@context":"https:\/\/schema.org","@graph":[{"@type":"WebPage","@id":"http:\/\/anawawelberg.com.br\/?product=tapete-soumak-10","url":"http:\/\/anawawelberg.com.br\/?product=tapete-soumak-10","name":"Tapete Soumak Antigo - Feito \u00e0 M\u00e3o - 2,90m x 1,96m - Ana Luiza Wawelberg","isPartOf":{"@id":"http:\/\/anawawelberg.com.br\/#website"},"primaryImageOfPage":{"@id":"http:\/\/anawawelberg.com.br\/?product=tapete-soumak-10#primaryimage"},"image":{"@id":"http:\/\/anawawelberg.com.br\/?product=tapete-soumak-10#primaryimage"},"thumbnailUrl":"http:\/\/anawawelberg.com.br\/wp-content\/uploads\/2020\/10\/Tapete_Soumak_290x196_Ana_Luiza_Wawelberg_TA01167.jpg","datePublished":"2020-10-22T04:00:55+00:00","dateModified":"2022-03-03T18:23:15+00:00","description":"Tapete Soumak - Comprimento: 2,90m Largura: 1,96m","breadcrumb":{"@id":"http:\/\/anawawelberg.com.br\/?product=tapete-soumak-10#breadcrumb"},"inLanguage":"pt-BR","potentialAction":[{"@type":"ReadAction","target":["http:\/\/anawawelberg.com.br\/?product=tapete-soumak-10"]}]},{"@type":"ImageObject","inLanguage":"pt-BR","@id":"http:\/\/anawawelberg.com.br\/?product=tapete-soumak-10#primaryimage","url":"http:\/\/anawawelberg.com.br\/wp-content\/uploads\/2020\/10\/Tapete_Soumak_290x196_Ana_Luiza_Wawelberg_TA01167.jpg","contentUrl":"http:\/\/anawawelberg.com.br\/wp-content\/uploads\/2020\/10\/Tapete_Soumak_290x196_Ana_Luiza_Wawelberg_TA01167.jpg","width":1200,"height":1356},{"@type":"BreadcrumbList","@id":"http:\/\/anawawelberg.com.br\/?product=tapete-soumak-10#breadcrumb","itemListElement":[{"@type":"ListItem","position":1,"name":"In\u00edcio","item":"http:\/\/anawawelberg.com.br\/"},{"@type":"ListItem","position":2,"name":"Loja","item":"http:\/\/anawawelberg.com.br\/?page_id=5"},{"@type":"ListItem","position":3,"name":"Tapete Soumak Antigo &#8211; Feito \u00e0 M\u00e3o &#8211; 2,90m x 1,96m"}]},{"@type":"WebSite","@id":"http:\/\/anawawelberg.com.br\/#website","url":"http:\/\/anawawelberg.com.br\/","name":"Ana Wawelberg","description":"Produtos do Moderno ao Cl\u00e1ssico para Decorar a Sua Casa com muita Eleg\u00e2ncia e Originalidade \u2013 Almofada, Abajur, Cristal de Murano, M\u00f3vel, Lumin\u00e1ria, Tapete, Lustres e muito mais. Loja Decora\u00e7\u00e3o Alameda Gabriel Monteiro da Silva, S\u00e3o Paulo - SP","publisher":{"@id":"http:\/\/anawawelberg.com.br\/#organization"},"potentialAction":[{"@type":"SearchAction","target":{"@type":"EntryPoint","urlTemplate":"http:\/\/anawawelberg.com.br\/?s={search_term_string}"},"query-input":{"@type":"PropertyValueSpecification","valueRequired":true,"valueName":"search_term_string"}}],"inLanguage":"pt-BR"},{"@type":"Organization","@id":"http:\/\/anawawelberg.com.br\/#organization","name":"Ana Luiza Wawelberg","url":"http:\/\/anawawelberg.com.br\/","logo":{"@type":"ImageObject","inLanguage":"pt-BR","@id":"http:\/\/anawawelberg.com.br\/#\/schema\/logo\/image\/","url":"http:\/\/anawawelberg.com.br\/wp-content\/uploads\/2020\/06\/Ana_Wawelberg_Logotipo-1.png","contentUrl":"http:\/\/anawawelberg.com.br\/wp-content\/uploads\/2020\/06\/Ana_Wawelberg_Logotipo-1.png","width":248,"height":130,"caption":"Ana Luiza Wawelberg"},"image":{"@id":"http:\/\/anawawelberg.com.br\/#\/schema\/logo\/image\/"},"sameAs":["https:\/\/www.facebook.com\/lojaanaluizawawelberg\/","https:\/\/www.instagram.com\/analuizawawelberg\/"]}]}},"_links":{"self":[{"href":"http:\/\/anawawelberg.com.br\/index.php?rest_route=\/wp\/v2\/product\/7485","targetHints":{"allow":["GET"]}}],"collection":[{"href":"http:\/\/anawawelberg.com.br\/index.php?rest_route=\/wp\/v2\/product"}],"about":[{"href":"http:\/\/anawawelberg.com.br\/index.php?rest_route=\/wp\/v2\/types\/product"}],"wp:featuredmedia":[{"embeddable":true,"href":"http:\/\/anawawelberg.com.br\/index.php?rest_route=\/wp\/v2\/media\/7568"}],"wp:attachment":[{"href":"http:\/\/anawawelberg.com.br\/index.php?rest_route=%2Fwp%2Fv2%2Fmedia&parent=7485"}],"wp:term":[{"taxonomy":"product_brand","embeddable":true,"href":"http:\/\/anawawelberg.com.br\/index.php?rest_route=%2Fwp%2Fv2%2Fproduct_brand&post=7485"},{"taxonomy":"product_cat","embeddable":true,"href":"http:\/\/anawawelberg.com.br\/index.php?rest_route=%2Fwp%2Fv2%2Fproduct_cat&post=7485"},{"taxonomy":"product_tag","embeddable":true,"href":"http:\/\/anawawelberg.com.br\/index.php?rest_route=%2Fwp%2Fv2%2Fproduct_tag&post=7485"}],"curies":[{"name":"wp","href":"https:\/\/api.w.org\/{rel}","templated":true}]}}