{"id":8590,"date":"2020-11-08T12:55:14","date_gmt":"2020-11-08T15:55:14","guid":{"rendered":"http:\/\/anawawelberg.com.br\/produto\/moldura-branca-com-espelho-1-de-1-083-x-065\/"},"modified":"2022-03-03T15:22:23","modified_gmt":"2022-03-03T18:22:23","slug":"moldura-antiga-patina-branca-com-espelho-65cm-x-83cm","status":"publish","type":"product","link":"https:\/\/anawawelberg.com.br\/?product=moldura-antiga-patina-branca-com-espelho-65cm-x-83cm","title":{"rendered":"Moldura Antiga Patina Branca com Espelho &#8211; 65cm x 83cm"},"content":{"rendered":"<p><strong>Moldura Antiga Patina Branca com Espelho &#8211; 65cm x 83cm<\/strong><\/p>\n<p>&nbsp;<\/p>\n<p>Comprimento: 65cm<\/p>\n<p>Largura: 8cm<\/p>\n<p>Altura:\u00a0 83cm<\/p>\n","protected":false},"excerpt":{"rendered":"<p><strong>Moldura Antiga Patina Branca com Espelho &#8211; 65cm x 83cm<\/strong><\/p>\n<p><\/p>\n<p>Comprimento: 83cm<\/p>\n<p>Altura:\u00a0 65cm<\/p>\n","protected":false},"featured_media":8050,"template":"","meta":{"_joinchat":[]},"product_brand":[],"product_cat":[179,38],"product_tag":[448],"class_list":{"0":"post-8590","1":"product","2":"type-product","3":"status-publish","4":"has-post-thumbnail","6":"product_cat-decoracao","7":"product_cat-obejto_decoracao","8":"product_tag-moldura-branca-com-espelho","9":"has-featured","11":"first","12":"instock","13":"featured","14":"taxable","15":"shipping-taxable","16":"purchasable","17":"product-type-simple"},"yoast_head":"<!-- This site is optimized with the Yoast SEO plugin v24.8.1 - https:\/\/yoast.com\/wordpress\/plugins\/seo\/ -->\n<title>Moldura Antiga Patina Branca com Espelho - 65cm x 83cm - Ana Luiza Wawelberg<\/title>\n<meta name=\"description\" content=\"Moldura Branca com Espelho - 1 de 1\" \/>\n<meta name=\"robots\" content=\"index, follow, max-snippet:-1, max-image-preview:large, max-video-preview:-1\" \/>\n<link rel=\"canonical\" href=\"http:\/\/anawawelberg.com.br\/?product=moldura-antiga-patina-branca-com-espelho-65cm-x-83cm\" \/>\n<meta property=\"og:locale\" content=\"pt_BR\" \/>\n<meta property=\"og:type\" content=\"article\" \/>\n<meta property=\"og:title\" content=\"Moldura Antiga Patina Branca com Espelho - 65cm x 83cm - Ana Luiza Wawelberg\" \/>\n<meta property=\"og:description\" content=\"Moldura Branca com Espelho - 1 de 1\" \/>\n<meta property=\"og:url\" content=\"http:\/\/anawawelberg.com.br\/?product=moldura-antiga-patina-branca-com-espelho-65cm-x-83cm\" \/>\n<meta property=\"og:site_name\" content=\"Ana Luiza Wawelberg\" \/>\n<meta property=\"article:publisher\" content=\"https:\/\/www.facebook.com\/lojaanaluizawawelberg\/\" \/>\n<meta property=\"article:modified_time\" content=\"2022-03-03T18:22:23+00:00\" \/>\n<meta property=\"og:image\" content=\"http:\/\/anawawelberg.com.br\/wp-content\/uploads\/2020\/11\/Moldura-Branca-com-Espelho-1-de-1-083-x-065-ML00130-02.jpg\" \/>\n\t<meta property=\"og:image:width\" content=\"800\" \/>\n\t<meta property=\"og:image:height\" content=\"800\" \/>\n\t<meta property=\"og:image:type\" content=\"image\/jpeg\" \/>\n<meta name=\"twitter:card\" content=\"summary_large_image\" \/>\n<script type=\"application\/ld+json\" class=\"yoast-schema-graph\">{\"@context\":\"https:\/\/schema.org\",\"@graph\":[{\"@type\":\"WebPage\",\"@id\":\"http:\/\/anawawelberg.com.br\/?product=moldura-antiga-patina-branca-com-espelho-65cm-x-83cm\",\"url\":\"http:\/\/anawawelberg.com.br\/?product=moldura-antiga-patina-branca-com-espelho-65cm-x-83cm\",\"name\":\"Moldura Antiga Patina Branca com Espelho - 65cm x 83cm - Ana Luiza Wawelberg\",\"isPartOf\":{\"@id\":\"http:\/\/anawawelberg.com.br\/#website\"},\"primaryImageOfPage\":{\"@id\":\"http:\/\/anawawelberg.com.br\/?product=moldura-antiga-patina-branca-com-espelho-65cm-x-83cm#primaryimage\"},\"image\":{\"@id\":\"http:\/\/anawawelberg.com.br\/?product=moldura-antiga-patina-branca-com-espelho-65cm-x-83cm#primaryimage\"},\"thumbnailUrl\":\"https:\/\/anawawelberg.com.br\/wp-content\/uploads\/2020\/11\/Moldura-Branca-com-Espelho-1-de-1-083-x-065-ML00130-02.jpg\",\"datePublished\":\"2020-11-08T15:55:14+00:00\",\"dateModified\":\"2022-03-03T18:22:23+00:00\",\"description\":\"Moldura Branca com Espelho - 1 de 1\",\"breadcrumb\":{\"@id\":\"http:\/\/anawawelberg.com.br\/?product=moldura-antiga-patina-branca-com-espelho-65cm-x-83cm#breadcrumb\"},\"inLanguage\":\"pt-BR\",\"potentialAction\":[{\"@type\":\"ReadAction\",\"target\":[\"http:\/\/anawawelberg.com.br\/?product=moldura-antiga-patina-branca-com-espelho-65cm-x-83cm\"]}]},{\"@type\":\"ImageObject\",\"inLanguage\":\"pt-BR\",\"@id\":\"http:\/\/anawawelberg.com.br\/?product=moldura-antiga-patina-branca-com-espelho-65cm-x-83cm#primaryimage\",\"url\":\"https:\/\/anawawelberg.com.br\/wp-content\/uploads\/2020\/11\/Moldura-Branca-com-Espelho-1-de-1-083-x-065-ML00130-02.jpg\",\"contentUrl\":\"https:\/\/anawawelberg.com.br\/wp-content\/uploads\/2020\/11\/Moldura-Branca-com-Espelho-1-de-1-083-x-065-ML00130-02.jpg\",\"width\":800,\"height\":800},{\"@type\":\"BreadcrumbList\",\"@id\":\"http:\/\/anawawelberg.com.br\/?product=moldura-antiga-patina-branca-com-espelho-65cm-x-83cm#breadcrumb\",\"itemListElement\":[{\"@type\":\"ListItem\",\"position\":1,\"name\":\"In\u00edcio\",\"item\":\"http:\/\/anawawelberg.com.br\/\"},{\"@type\":\"ListItem\",\"position\":2,\"name\":\"Loja\",\"item\":\"http:\/\/anawawelberg.com.br\/?page_id=5\"},{\"@type\":\"ListItem\",\"position\":3,\"name\":\"Moldura Antiga Patina Branca com Espelho &#8211; 65cm x 83cm\"}]},{\"@type\":\"WebSite\",\"@id\":\"http:\/\/anawawelberg.com.br\/#website\",\"url\":\"http:\/\/anawawelberg.com.br\/\",\"name\":\"Ana Wawelberg\",\"description\":\"Produtos do Moderno ao Cl\u00e1ssico para Decorar a Sua Casa com muita Eleg\u00e2ncia e Originalidade \u2013 Almofada, Abajur, Cristal de Murano, M\u00f3vel, Lumin\u00e1ria, Tapete, Lustres e muito mais. Loja Decora\u00e7\u00e3o Alameda Gabriel Monteiro da Silva, S\u00e3o Paulo - SP\",\"publisher\":{\"@id\":\"http:\/\/anawawelberg.com.br\/#organization\"},\"potentialAction\":[{\"@type\":\"SearchAction\",\"target\":{\"@type\":\"EntryPoint\",\"urlTemplate\":\"http:\/\/anawawelberg.com.br\/?s={search_term_string}\"},\"query-input\":{\"@type\":\"PropertyValueSpecification\",\"valueRequired\":true,\"valueName\":\"search_term_string\"}}],\"inLanguage\":\"pt-BR\"},{\"@type\":\"Organization\",\"@id\":\"http:\/\/anawawelberg.com.br\/#organization\",\"name\":\"Ana Luiza Wawelberg\",\"url\":\"http:\/\/anawawelberg.com.br\/\",\"logo\":{\"@type\":\"ImageObject\",\"inLanguage\":\"pt-BR\",\"@id\":\"http:\/\/anawawelberg.com.br\/#\/schema\/logo\/image\/\",\"url\":\"http:\/\/anawawelberg.com.br\/wp-content\/uploads\/2020\/06\/Ana_Wawelberg_Logotipo-1.png\",\"contentUrl\":\"http:\/\/anawawelberg.com.br\/wp-content\/uploads\/2020\/06\/Ana_Wawelberg_Logotipo-1.png\",\"width\":248,\"height\":130,\"caption\":\"Ana Luiza Wawelberg\"},\"image\":{\"@id\":\"http:\/\/anawawelberg.com.br\/#\/schema\/logo\/image\/\"},\"sameAs\":[\"https:\/\/www.facebook.com\/lojaanaluizawawelberg\/\",\"https:\/\/www.instagram.com\/analuizawawelberg\/\"]}]}<\/script>\n<!-- \/ Yoast SEO plugin. -->","yoast_head_json":{"title":"Moldura Antiga Patina Branca com Espelho - 65cm x 83cm - Ana Luiza Wawelberg","description":"Moldura Branca com Espelho - 1 de 1","robots":{"index":"index","follow":"follow","max-snippet":"max-snippet:-1","max-image-preview":"max-image-preview:large","max-video-preview":"max-video-preview:-1"},"canonical":"http:\/\/anawawelberg.com.br\/?product=moldura-antiga-patina-branca-com-espelho-65cm-x-83cm","og_locale":"pt_BR","og_type":"article","og_title":"Moldura Antiga Patina Branca com Espelho - 65cm x 83cm - Ana Luiza Wawelberg","og_description":"Moldura Branca com Espelho - 1 de 1","og_url":"http:\/\/anawawelberg.com.br\/?product=moldura-antiga-patina-branca-com-espelho-65cm-x-83cm","og_site_name":"Ana Luiza Wawelberg","article_publisher":"https:\/\/www.facebook.com\/lojaanaluizawawelberg\/","article_modified_time":"2022-03-03T18:22:23+00:00","og_image":[{"width":800,"height":800,"url":"http:\/\/anawawelberg.com.br\/wp-content\/uploads\/2020\/11\/Moldura-Branca-com-Espelho-1-de-1-083-x-065-ML00130-02.jpg","type":"image\/jpeg"}],"twitter_card":"summary_large_image","schema":{"@context":"https:\/\/schema.org","@graph":[{"@type":"WebPage","@id":"http:\/\/anawawelberg.com.br\/?product=moldura-antiga-patina-branca-com-espelho-65cm-x-83cm","url":"http:\/\/anawawelberg.com.br\/?product=moldura-antiga-patina-branca-com-espelho-65cm-x-83cm","name":"Moldura Antiga Patina Branca com Espelho - 65cm x 83cm - Ana Luiza Wawelberg","isPartOf":{"@id":"http:\/\/anawawelberg.com.br\/#website"},"primaryImageOfPage":{"@id":"http:\/\/anawawelberg.com.br\/?product=moldura-antiga-patina-branca-com-espelho-65cm-x-83cm#primaryimage"},"image":{"@id":"http:\/\/anawawelberg.com.br\/?product=moldura-antiga-patina-branca-com-espelho-65cm-x-83cm#primaryimage"},"thumbnailUrl":"https:\/\/anawawelberg.com.br\/wp-content\/uploads\/2020\/11\/Moldura-Branca-com-Espelho-1-de-1-083-x-065-ML00130-02.jpg","datePublished":"2020-11-08T15:55:14+00:00","dateModified":"2022-03-03T18:22:23+00:00","description":"Moldura Branca com Espelho - 1 de 1","breadcrumb":{"@id":"http:\/\/anawawelberg.com.br\/?product=moldura-antiga-patina-branca-com-espelho-65cm-x-83cm#breadcrumb"},"inLanguage":"pt-BR","potentialAction":[{"@type":"ReadAction","target":["http:\/\/anawawelberg.com.br\/?product=moldura-antiga-patina-branca-com-espelho-65cm-x-83cm"]}]},{"@type":"ImageObject","inLanguage":"pt-BR","@id":"http:\/\/anawawelberg.com.br\/?product=moldura-antiga-patina-branca-com-espelho-65cm-x-83cm#primaryimage","url":"https:\/\/anawawelberg.com.br\/wp-content\/uploads\/2020\/11\/Moldura-Branca-com-Espelho-1-de-1-083-x-065-ML00130-02.jpg","contentUrl":"https:\/\/anawawelberg.com.br\/wp-content\/uploads\/2020\/11\/Moldura-Branca-com-Espelho-1-de-1-083-x-065-ML00130-02.jpg","width":800,"height":800},{"@type":"BreadcrumbList","@id":"http:\/\/anawawelberg.com.br\/?product=moldura-antiga-patina-branca-com-espelho-65cm-x-83cm#breadcrumb","itemListElement":[{"@type":"ListItem","position":1,"name":"In\u00edcio","item":"http:\/\/anawawelberg.com.br\/"},{"@type":"ListItem","position":2,"name":"Loja","item":"http:\/\/anawawelberg.com.br\/?page_id=5"},{"@type":"ListItem","position":3,"name":"Moldura Antiga Patina Branca com Espelho &#8211; 65cm x 83cm"}]},{"@type":"WebSite","@id":"http:\/\/anawawelberg.com.br\/#website","url":"http:\/\/anawawelberg.com.br\/","name":"Ana Wawelberg","description":"Produtos do Moderno ao Cl\u00e1ssico para Decorar a Sua Casa com muita Eleg\u00e2ncia e Originalidade \u2013 Almofada, Abajur, Cristal de Murano, M\u00f3vel, Lumin\u00e1ria, Tapete, Lustres e muito mais. Loja Decora\u00e7\u00e3o Alameda Gabriel Monteiro da Silva, S\u00e3o Paulo - SP","publisher":{"@id":"http:\/\/anawawelberg.com.br\/#organization"},"potentialAction":[{"@type":"SearchAction","target":{"@type":"EntryPoint","urlTemplate":"http:\/\/anawawelberg.com.br\/?s={search_term_string}"},"query-input":{"@type":"PropertyValueSpecification","valueRequired":true,"valueName":"search_term_string"}}],"inLanguage":"pt-BR"},{"@type":"Organization","@id":"http:\/\/anawawelberg.com.br\/#organization","name":"Ana Luiza Wawelberg","url":"http:\/\/anawawelberg.com.br\/","logo":{"@type":"ImageObject","inLanguage":"pt-BR","@id":"http:\/\/anawawelberg.com.br\/#\/schema\/logo\/image\/","url":"http:\/\/anawawelberg.com.br\/wp-content\/uploads\/2020\/06\/Ana_Wawelberg_Logotipo-1.png","contentUrl":"http:\/\/anawawelberg.com.br\/wp-content\/uploads\/2020\/06\/Ana_Wawelberg_Logotipo-1.png","width":248,"height":130,"caption":"Ana Luiza Wawelberg"},"image":{"@id":"http:\/\/anawawelberg.com.br\/#\/schema\/logo\/image\/"},"sameAs":["https:\/\/www.facebook.com\/lojaanaluizawawelberg\/","https:\/\/www.instagram.com\/analuizawawelberg\/"]}]}},"_links":{"self":[{"href":"https:\/\/anawawelberg.com.br\/index.php?rest_route=\/wp\/v2\/product\/8590","targetHints":{"allow":["GET"]}}],"collection":[{"href":"https:\/\/anawawelberg.com.br\/index.php?rest_route=\/wp\/v2\/product"}],"about":[{"href":"https:\/\/anawawelberg.com.br\/index.php?rest_route=\/wp\/v2\/types\/product"}],"wp:featuredmedia":[{"embeddable":true,"href":"https:\/\/anawawelberg.com.br\/index.php?rest_route=\/wp\/v2\/media\/8050"}],"wp:attachment":[{"href":"https:\/\/anawawelberg.com.br\/index.php?rest_route=%2Fwp%2Fv2%2Fmedia&parent=8590"}],"wp:term":[{"taxonomy":"product_brand","embeddable":true,"href":"https:\/\/anawawelberg.com.br\/index.php?rest_route=%2Fwp%2Fv2%2Fproduct_brand&post=8590"},{"taxonomy":"product_cat","embeddable":true,"href":"https:\/\/anawawelberg.com.br\/index.php?rest_route=%2Fwp%2Fv2%2Fproduct_cat&post=8590"},{"taxonomy":"product_tag","embeddable":true,"href":"https:\/\/anawawelberg.com.br\/index.php?rest_route=%2Fwp%2Fv2%2Fproduct_tag&post=8590"}],"curies":[{"name":"wp","href":"https:\/\/api.w.org\/{rel}","templated":true}]}}